{"id":459,"date":"2023-11-07T15:21:02","date_gmt":"2023-11-07T14:21:02","guid":{"rendered":"https:\/\/billard-aubenas.fr\/?page_id=459"},"modified":"2024-10-27T11:21:07","modified_gmt":"2024-10-27T10:21:07","slug":"mentions-legales","status":"publish","type":"page","link":"https:\/\/billard-aubenas.fr\/?page_id=459","title":{"rendered":"Mentions l\u00e9gales"},"content":{"rendered":"\t\t<div data-elementor-type=\"wp-page\" data-elementor-id=\"459\" class=\"elementor elementor-459\">\n\t\t\t\t<div class=\"elementor-element elementor-element-aceec34 e-con-full e-flex e-con e-parent\" data-id=\"aceec34\" data-element_type=\"container\" data-e-type=\"container\">\n\t\t\t\t<div class=\"elementor-element elementor-element-43bc1d8 elementor-widget elementor-widget-text-editor\" data-id=\"43bc1d8\" data-element_type=\"widget\" data-e-type=\"widget\" data-widget_type=\"text-editor.default\">\n\t\t\t\t<div class=\"elementor-widget-container\">\n\t\t\t\t\t\t\t\t\t<h2>Identit\u00e9<\/h2><p>Acad\u00e9mie de Billard d&rsquo;Aubenas\u00a0<br \/>15 chemin du Tennis<br \/>07200 AUBENAS<\/p><p>SIRET 877 491 712 00015<br \/>RNA W072000299<\/p><h2>H\u00e9bergeur\u00a0<\/h2><p><span style=\"color: #464f57; font-family: 'open sans', sans-serif; font-size: 14px; font-style: normal; font-variant-ligatures: normal; font-variant-caps: normal; font-weight: 400; text-align: right;\">LIGNE WEB SERVICES &#8211; 10, RUE DE PENTHIEVRE &#8211; 75008 PARIS<\/span><\/p><h2>Informations RGPD<\/h2><p>Les informations personnelles port\u00e9es sur ce formulaire sont enregistr\u00e9es dans un fichier informatis\u00e9 par le bureau de l\u2019ABA. <br \/>Nous ne traiterons ou n&rsquo;utiliserons vos donn\u00e9es que dans la mesure o\u00f9 cela est n\u00e9cessaire. <br \/>Les finalit\u00e9s de cette collecte sont les suivantes\u00a0:\u00a0<\/p><p>votre adh\u00e9sion \u00e0 l\u2019ABA,<\/p><p>la prise de licence aupr\u00e8s de la F\u00e9d\u00e9ration Fran\u00e7aise de Billard,<\/p><p>l\u2019inscription \u00e9ventuelle en comp\u00e9tition aupr\u00e8s de la Ligue,<\/p><p>vous contacter,<\/p><p>assurer le traitement de vos demandes,<\/p><p>cr\u00e9er et g\u00e9rer votre acc\u00e8s \u00e0 nos services en ligne,<\/p><p>assurer l\u2019ex\u00e9cution de nos prestations,<\/p><p>la v\u00e9rification de la validit\u00e9 des informations n\u00e9cessaires au paiement d\u2019un bien, d\u2019une prestation ou de frais d\u2019adh\u00e9sion,<\/p><p>r\u00e9aliser des \u00e9tudes statistiques,<\/p><p>respecter nos obligations l\u00e9gales.<\/p><p>Vos informations personnelles seront conserv\u00e9es aussi longtemps que n\u00e9cessaire pendant une p\u00e9riode de un an apr\u00e8s la cessation de l\u2019ex\u00e9cution de nos prestations, sauf si vous exercez votre droit de suppression des donn\u00e9es vous concernant, dans les conditions d\u00e9crites ci-apr\u00e8s.<\/p><p>Pendant cette p\u00e9riode, nous mettons en place tous moyens aptes \u00e0 assurer la confidentialit\u00e9 et la s\u00e9curit\u00e9 de vos donn\u00e9es personnelles, de mani\u00e8re \u00e0 emp\u00eacher leur endommagement, effacement ou acc\u00e8s par des tiers non autoris\u00e9s. <br \/>L&rsquo;acc\u00e8s \u00e0 vos donn\u00e9es personnelles est strictement limit\u00e9 aux membres du bureau, le cas \u00e9ch\u00e9ant, \u00e0 nos sous-traitants. Les sous-traitants en question sont soumis \u00e0 une obligation de confidentialit\u00e9 et ne peuvent utiliser vos donn\u00e9es qu\u2019en conformit\u00e9 avec nos dispositions contractuelles et la l\u00e9gislation applicable. En dehors des cas \u00e9nonc\u00e9s ci-dessus, nous nous engageons \u00e0 ne pas vendre, louer, c\u00e9der ni donner acc\u00e8s \u00e0 des tiers \u00e0 vos donn\u00e9es sans votre consentement pr\u00e9alable, \u00e0 moins d\u2019y \u00eatre contraints en raison d\u2019un motif l\u00e9gitime (obligation l\u00e9gale, lutte contre la fraude ou l\u2019abus, exercice des droits de la d\u00e9fense, etc.).<\/p><p>Conform\u00e9ment \u00e0 la loi \u00ab informatique et libert\u00e9s \u00bb du 6 janvier 1978 modifi\u00e9e et au R\u00e8glement europ\u00e9en n\u00b02016\/679\/UE du 27 avril 2016 (applicable d\u00e8s le 25 mai 2018), vous b\u00e9n\u00e9ficiez d\u2019un droit d\u2019acc\u00e8s, de rectification, de portabilit\u00e9 et d\u2019effacement de vos donn\u00e9es ou encore de limitation du traitement. <br \/>Vous pouvez \u00e9galement, pour des motifs l\u00e9gitimes, vous opposer au traitement des donn\u00e9es vous concernant.<\/p><p>Vous pouvez, sous r\u00e9serve de la production d\u2019un justificatif d\u2019identit\u00e9 valide, exercer vos droits en contactant le d\u00e9l\u00e9gu\u00e9 \u00e0 la protection des donn\u00e9es de l\u2019ABA \u00e0 l\u2019adresse suivante billard.aubenas@gmail.com.<\/p><p>Si vous ne souhaitez pas\/plus recevoir nos actualit\u00e9s et sollicitations (par t\u00e9l\u00e9phone, SMS, courrier postal ou \u00e9lectronique) et invitations, vous avez la facult\u00e9 de nous l\u2019indiquer dans le cadre du pr\u00e9sent formulaire, de modifier vos choix en nous contactant dans les conditions \u00e9voqu\u00e9es ci-dessus. Idem si vous ne souhaitez pas recevoir les actualit\u00e9s, invitations ou offres promotionnelles de nos partenaires.<\/p><p>Pour toute information compl\u00e9mentaire ou r\u00e9clamation, vous pouvez contacter la Commission Nationale de l\u2019Informatique et des Libert\u00e9s (plus d\u2019informations sur www.cnil.fr).<\/p>\t\t\t\t\t\t\t\t<\/div>\n\t\t\t\t<\/div>\n\t\t\t\t<\/div>\n\t\t\t\t<\/div>\n\t\t","protected":false},"excerpt":{"rendered":"<p>Identit\u00e9 Acad\u00e9mie de Billard d&rsquo;Aubenas\u00a015 chemin du Tennis07200 AUBENAS SIRET 877 491 712 00015RNA W072000299 H\u00e9bergeur\u00a0 LIGNE WEB SERVICES &#8211; 10, RUE DE PENTHIEVRE &#8211; 75008 PARIS Informations RGPD Les informations personnelles port\u00e9es sur ce formulaire sont enregistr\u00e9es dans un &hellip;<\/p>\n<p class=\"read-more\"> <a class=\"more-link\" href=\"https:\/\/billard-aubenas.fr\/?page_id=459\"> <span class=\"screen-reader-text\">Mentions l\u00e9gales<\/span> Read More &raquo;<\/a><\/p>\n","protected":false},"author":1,"featured_media":0,"parent":0,"menu_order":0,"comment_status":"closed","ping_status":"closed","template":"","meta":{"footnotes":""},"class_list":["post-459","page","type-page","status-publish","hentry"],"_links":{"self":[{"href":"https:\/\/billard-aubenas.fr\/index.php?rest_route=\/wp\/v2\/pages\/459","targetHints":{"allow":["GET"]}}],"collection":[{"href":"https:\/\/billard-aubenas.fr\/index.php?rest_route=\/wp\/v2\/pages"}],"about":[{"href":"https:\/\/billard-aubenas.fr\/index.php?rest_route=\/wp\/v2\/types\/page"}],"author":[{"embeddable":true,"href":"https:\/\/billard-aubenas.fr\/index.php?rest_route=\/wp\/v2\/users\/1"}],"replies":[{"embeddable":true,"href":"https:\/\/billard-aubenas.fr\/index.php?rest_route=%2Fwp%2Fv2%2Fcomments&post=459"}],"version-history":[{"count":6,"href":"https:\/\/billard-aubenas.fr\/index.php?rest_route=\/wp\/v2\/pages\/459\/revisions"}],"predecessor-version":[{"id":465,"href":"https:\/\/billard-aubenas.fr\/index.php?rest_route=\/wp\/v2\/pages\/459\/revisions\/465"}],"wp:attachment":[{"href":"https:\/\/billard-aubenas.fr\/index.php?rest_route=%2Fwp%2Fv2%2Fmedia&parent=459"}],"curies":[{"name":"wp","href":"https:\/\/api.w.org\/{rel}","templated":true}]}}