{"id":16,"date":"2023-10-27T12:16:51","date_gmt":"2023-10-27T10:16:51","guid":{"rendered":"https:\/\/billard-aubenas.fr\/new\/?page_id=16"},"modified":"2024-10-27T17:50:40","modified_gmt":"2024-10-27T16:50:40","slug":"le-bureau","status":"publish","type":"page","link":"https:\/\/billard-aubenas.fr\/?page_id=16","title":{"rendered":"Le Bureau"},"content":{"rendered":"\t\t<div data-elementor-type=\"wp-page\" data-elementor-id=\"16\" class=\"elementor elementor-16\">\n\t\t\t\t<div class=\"elementor-element elementor-element-0131c13 e-flex e-con-boxed e-con e-parent\" data-id=\"0131c13\" data-element_type=\"container\" data-e-type=\"container\">\n\t\t\t\t\t<div class=\"e-con-inner\">\n\t\t<div class=\"elementor-element elementor-element-b33c235 e-con-full e-flex e-con e-child\" data-id=\"b33c235\" data-element_type=\"container\" data-e-type=\"container\">\n\t\t\t\t<div class=\"elementor-element elementor-element-1c2637b elementor-widget elementor-widget-image\" data-id=\"1c2637b\" data-element_type=\"widget\" data-e-type=\"widget\" data-widget_type=\"image.default\">\n\t\t\t\t<div class=\"elementor-widget-container\">\n\t\t\t\t\t\t\t\t\t\t\t\t<figure class=\"wp-caption\">\n\t\t\t\t\t\t\t\t\t\t<img decoding=\"async\" width=\"100\" height=\"100\" src=\"https:\/\/billard-aubenas.fr\/wp-content\/uploads\/2023\/10\/ericgoldbach.jpg\" class=\"attachment-large size-large wp-image-52\" alt=\"\" srcset=\"https:\/\/billard-aubenas.fr\/wp-content\/uploads\/2023\/10\/ericgoldbach.jpg 100w, https:\/\/billard-aubenas.fr\/wp-content\/uploads\/2023\/10\/ericgoldbach-55x55.jpg 55w\" sizes=\"(max-width: 100px) 100vw, 100px\" \/>\t\t\t\t\t\t\t\t\t\t\t<figcaption class=\"widget-image-caption wp-caption-text\">Eric Goldbach, Tr\u00e9sorier<\/figcaption>\n\t\t\t\t\t\t\t\t\t\t<\/figure>\n\t\t\t\t\t\t\t\t\t<\/div>\n\t\t\t\t<\/div>\n\t\t\t\t<\/div>\n\t\t<div class=\"elementor-element elementor-element-39bcaae e-con-full e-flex e-con e-child\" data-id=\"39bcaae\" data-element_type=\"container\" data-e-type=\"container\">\n\t\t\t\t<div class=\"elementor-element elementor-element-8debf95 elementor-widget elementor-widget-image\" data-id=\"8debf95\" data-element_type=\"widget\" data-e-type=\"widget\" data-widget_type=\"image.default\">\n\t\t\t\t<div class=\"elementor-widget-container\">\n\t\t\t\t\t\t\t\t\t\t\t\t<figure class=\"wp-caption\">\n\t\t\t\t\t\t\t\t\t\t<img decoding=\"async\" width=\"100\" height=\"100\" src=\"https:\/\/billard-aubenas.fr\/wp-content\/uploads\/2023\/10\/paulprivat.png\" class=\"attachment-large size-large wp-image-55\" alt=\"\" srcset=\"https:\/\/billard-aubenas.fr\/wp-content\/uploads\/2023\/10\/paulprivat.png 100w, https:\/\/billard-aubenas.fr\/wp-content\/uploads\/2023\/10\/paulprivat-55x55.png 55w\" sizes=\"(max-width: 100px) 100vw, 100px\" \/>\t\t\t\t\t\t\t\t\t\t\t<figcaption class=\"widget-image-caption wp-caption-text\">Paul Privat, Pr\u00e9sident d'honneur<\/figcaption>\n\t\t\t\t\t\t\t\t\t\t<\/figure>\n\t\t\t\t\t\t\t\t\t<\/div>\n\t\t\t\t<\/div>\n\t\t\t\t<\/div>\n\t\t<div class=\"elementor-element elementor-element-1d2d5a3 e-con-full e-flex e-con e-child\" data-id=\"1d2d5a3\" data-element_type=\"container\" data-e-type=\"container\">\n\t\t\t\t<div class=\"elementor-element elementor-element-eadff56 elementor-widget elementor-widget-image\" data-id=\"eadff56\" data-element_type=\"widget\" data-e-type=\"widget\" data-widget_type=\"image.default\">\n\t\t\t\t<div class=\"elementor-widget-container\">\n\t\t\t\t\t\t\t\t\t\t\t\t<figure class=\"wp-caption\">\n\t\t\t\t\t\t\t\t\t\t<img decoding=\"async\" width=\"100\" height=\"100\" src=\"https:\/\/billard-aubenas.fr\/wp-content\/uploads\/2023\/10\/pierresarian.jpg\" class=\"attachment-large size-large wp-image-56\" alt=\"\" srcset=\"https:\/\/billard-aubenas.fr\/wp-content\/uploads\/2023\/10\/pierresarian.jpg 100w, https:\/\/billard-aubenas.fr\/wp-content\/uploads\/2023\/10\/pierresarian-55x55.jpg 55w\" sizes=\"(max-width: 100px) 100vw, 100px\" \/>\t\t\t\t\t\t\t\t\t\t\t<figcaption class=\"widget-image-caption wp-caption-text\">Pierre Sarian, Secr\u00e9taire<\/figcaption>\n\t\t\t\t\t\t\t\t\t\t<\/figure>\n\t\t\t\t\t\t\t\t\t<\/div>\n\t\t\t\t<\/div>\n\t\t\t\t<\/div>\n\t\t<div class=\"elementor-element elementor-element-50133d1 e-con-full e-flex e-con e-child\" data-id=\"50133d1\" data-element_type=\"container\" data-e-type=\"container\">\n\t\t\t\t<div class=\"elementor-element elementor-element-caebaf7 elementor-widget elementor-widget-image\" data-id=\"caebaf7\" data-element_type=\"widget\" data-e-type=\"widget\" data-widget_type=\"image.default\">\n\t\t\t\t<div class=\"elementor-widget-container\">\n\t\t\t\t\t\t\t\t\t\t\t\t<figure class=\"wp-caption\">\n\t\t\t\t\t\t\t\t\t\t<img loading=\"lazy\" decoding=\"async\" width=\"134\" height=\"159\" src=\"https:\/\/billard-aubenas.fr\/wp-content\/uploads\/2024\/10\/annie.jpg\" class=\"attachment-large size-large wp-image-859\" alt=\"\" \/>\t\t\t\t\t\t\t\t\t\t\t<figcaption class=\"widget-image-caption wp-caption-text\">Annie Rinaldi, Tr\u00e9sori\u00e8re<\/figcaption>\n\t\t\t\t\t\t\t\t\t\t<\/figure>\n\t\t\t\t\t\t\t\t\t<\/div>\n\t\t\t\t<\/div>\n\t\t\t\t<\/div>\n\t\t<div class=\"elementor-element elementor-element-a937252 e-con-full e-flex e-con e-child\" data-id=\"a937252\" data-element_type=\"container\" data-e-type=\"container\">\n\t\t\t\t<div class=\"elementor-element elementor-element-b97d4f6 elementor-widget elementor-widget-image\" data-id=\"b97d4f6\" data-element_type=\"widget\" data-e-type=\"widget\" data-widget_type=\"image.default\">\n\t\t\t\t<div class=\"elementor-widget-container\">\n\t\t\t\t\t\t\t\t\t\t\t\t<figure class=\"wp-caption\">\n\t\t\t\t\t\t\t\t\t\t<img loading=\"lazy\" decoding=\"async\" width=\"100\" height=\"100\" src=\"https:\/\/billard-aubenas.fr\/wp-content\/uploads\/2023\/10\/jeromethinon.jpg\" class=\"attachment-large size-large wp-image-54\" alt=\"\" srcset=\"https:\/\/billard-aubenas.fr\/wp-content\/uploads\/2023\/10\/jeromethinon.jpg 100w, https:\/\/billard-aubenas.fr\/wp-content\/uploads\/2023\/10\/jeromethinon-55x55.jpg 55w\" sizes=\"(max-width: 100px) 100vw, 100px\" \/>\t\t\t\t\t\t\t\t\t\t\t<figcaption class=\"widget-image-caption wp-caption-text\">J\u00e9r\u00f4me Thinon, membre<\/figcaption>\n\t\t\t\t\t\t\t\t\t\t<\/figure>\n\t\t\t\t\t\t\t\t\t<\/div>\n\t\t\t\t<\/div>\n\t\t\t\t<\/div>\n\t\t<div class=\"elementor-element elementor-element-609716f e-con-full e-flex e-con e-child\" data-id=\"609716f\" data-element_type=\"container\" data-e-type=\"container\">\n\t\t\t\t<div class=\"elementor-element elementor-element-9381b73 elementor-widget elementor-widget-image\" data-id=\"9381b73\" data-element_type=\"widget\" data-e-type=\"widget\" data-widget_type=\"image.default\">\n\t\t\t\t<div class=\"elementor-widget-container\">\n\t\t\t\t\t\t\t\t\t\t\t\t<figure class=\"wp-caption\">\n\t\t\t\t\t\t\t\t\t\t<img decoding=\"async\" src=\"https:\/\/billard-aubenas.fr\/wp-content\/uploads\/elementor\/thumbs\/fechet-qeo0hyb8o8zu76ik5c42gv29kexzjuy4kcc1pb8fls.png\" title=\"fechet\" alt=\"Pascal Fechet, membre\" loading=\"lazy\" \/>\t\t\t\t\t\t\t\t\t\t\t<figcaption class=\"widget-image-caption wp-caption-text\">Pascal Fechet, membre<\/figcaption>\n\t\t\t\t\t\t\t\t\t\t<\/figure>\n\t\t\t\t\t\t\t\t\t<\/div>\n\t\t\t\t<\/div>\n\t\t\t\t<\/div>\n\t\t<div class=\"elementor-element elementor-element-a81f36c e-con-full e-flex e-con e-child\" data-id=\"a81f36c\" data-element_type=\"container\" data-e-type=\"container\">\n\t\t\t\t<div class=\"elementor-element elementor-element-ef130af elementor-widget elementor-widget-image\" data-id=\"ef130af\" data-element_type=\"widget\" data-e-type=\"widget\" data-widget_type=\"image.default\">\n\t\t\t\t<div class=\"elementor-widget-container\">\n\t\t\t\t\t\t\t\t\t\t\t\t<figure class=\"wp-caption\">\n\t\t\t\t\t\t\t\t\t\t<img decoding=\"async\" src=\"https:\/\/billard-aubenas.fr\/wp-content\/uploads\/elementor\/thumbs\/fredbondouy-qemp35zcv6j6lbpvl2gof2bpzth9pi4e8j4xkjwjy8.jpg\" title=\"fredbondouy\" alt=\"Fr\u00e9d\u00e9rik Bondouy, Pr\u00e9sident\" loading=\"lazy\" \/>\t\t\t\t\t\t\t\t\t\t\t<figcaption class=\"widget-image-caption wp-caption-text\">Fr\u00e9d\u00e9rik Bondouy, membre<\/figcaption>\n\t\t\t\t\t\t\t\t\t\t<\/figure>\n\t\t\t\t\t\t\t\t\t<\/div>\n\t\t\t\t<\/div>\n\t\t\t\t<\/div>\n\t\t<div class=\"elementor-element elementor-element-77e1be7 e-con-full e-flex e-con e-child\" data-id=\"77e1be7\" data-element_type=\"container\" data-e-type=\"container\">\n\t\t\t\t<div class=\"elementor-element elementor-element-0f05ebf elementor-widget elementor-widget-image\" data-id=\"0f05ebf\" data-element_type=\"widget\" data-e-type=\"widget\" data-widget_type=\"image.default\">\n\t\t\t\t<div class=\"elementor-widget-container\">\n\t\t\t\t\t\t\t\t\t\t\t\t<figure class=\"wp-caption\">\n\t\t\t\t\t\t\t\t\t\t<img decoding=\"async\" src=\"https:\/\/billard-aubenas.fr\/wp-content\/uploads\/elementor\/thumbs\/sylvie-qeo1aevblnydq56bymzeyoip2eo2lxxjt7fasx1b7k.jpg\" title=\"sylvie\" alt=\"Sylvie Rapilly, membre\" loading=\"lazy\" \/>\t\t\t\t\t\t\t\t\t\t\t<figcaption class=\"widget-image-caption wp-caption-text\">Sylvie Rapilly, membre<\/figcaption>\n\t\t\t\t\t\t\t\t\t\t<\/figure>\n\t\t\t\t\t\t\t\t\t<\/div>\n\t\t\t\t<\/div>\n\t\t\t\t<\/div>\n\t\t<div class=\"elementor-element elementor-element-19804b0 e-con-full e-flex e-con e-child\" data-id=\"19804b0\" data-element_type=\"container\" data-e-type=\"container\">\n\t\t\t\t<div class=\"elementor-element elementor-element-7aadc62 elementor-widget elementor-widget-image\" data-id=\"7aadc62\" data-element_type=\"widget\" data-e-type=\"widget\" data-widget_type=\"image.default\">\n\t\t\t\t<div class=\"elementor-widget-container\">\n\t\t\t\t\t\t\t\t\t\t\t\t<figure class=\"wp-caption\">\n\t\t\t\t\t\t\t\t\t\t<img decoding=\"async\" src=\"https:\/\/billard-aubenas.fr\/wp-content\/uploads\/elementor\/thumbs\/ezzedine-qeoq8eyiun93iurz9az7kkmzrij1bzxtlwlxajk4qo.jpg\" title=\"ezzedine\" alt=\"Ezzedine Snoussi, membre\" loading=\"lazy\" \/>\t\t\t\t\t\t\t\t\t\t\t<figcaption class=\"widget-image-caption wp-caption-text\">Ezzedine Snoussi, membre<\/figcaption>\n\t\t\t\t\t\t\t\t\t\t<\/figure>\n\t\t\t\t\t\t\t\t\t<\/div>\n\t\t\t\t<\/div>\n\t\t\t\t<\/div>\n\t\t\t\t\t<\/div>\n\t\t\t\t<\/div>\n\t\t<div class=\"elementor-element elementor-element-d5aef7a e-flex e-con-boxed e-con e-parent\" data-id=\"d5aef7a\" data-element_type=\"container\" data-e-type=\"container\">\n\t\t\t\t\t<div class=\"e-con-inner\">\n\t\t\t\t<div class=\"elementor-element elementor-element-de8e888 elementor-widget elementor-widget-heading\" data-id=\"de8e888\" data-element_type=\"widget\" data-e-type=\"widget\" data-widget_type=\"heading.default\">\n\t\t\t\t<div class=\"elementor-widget-container\">\n\t\t\t\t\t<h2 class=\"elementor-heading-title elementor-size-default\">Pour nous contacter<\/h2>\t\t\t\t<\/div>\n\t\t\t\t<\/div>\n\t\t\t\t\t<\/div>\n\t\t\t\t<\/div>\n\t\t<div class=\"elementor-element elementor-element-ab89d1d e-flex e-con-boxed e-con e-parent\" data-id=\"ab89d1d\" data-element_type=\"container\" data-e-type=\"container\">\n\t\t\t\t\t<div class=\"e-con-inner\">\n\t\t<div class=\"elementor-element elementor-element-5f0ff16 e-con-full e-flex e-con e-child\" data-id=\"5f0ff16\" data-element_type=\"container\" data-e-type=\"container\">\n\t\t\t\t<div class=\"elementor-element elementor-element-671cdc9 elementor-widget elementor-widget-text-editor\" data-id=\"671cdc9\" data-element_type=\"widget\" data-e-type=\"widget\" data-widget_type=\"text-editor.default\">\n\t\t\t\t<div class=\"elementor-widget-container\">\n\t\t\t\t\t\t\t\t\t<p style=\"text-align: center;\"><em><span style=\"color: #ff0000;\"><strong>Par courrier<\/strong><\/span><\/em><\/p><p style=\"text-align: center;\">Billard Club d&rsquo;Aubenas<br \/>15 Chemin du tennis <br \/>Quartier Roqua<br \/>07200 &#8211; AUBENAS<\/p>\t\t\t\t\t\t\t\t<\/div>\n\t\t\t\t<\/div>\n\t\t\t\t<\/div>\n\t\t<div class=\"elementor-element elementor-element-4e47044 e-con-full e-flex e-con e-child\" data-id=\"4e47044\" data-element_type=\"container\" data-e-type=\"container\">\n\t\t\t\t<div class=\"elementor-element elementor-element-4b256ab elementor-widget elementor-widget-text-editor\" data-id=\"4b256ab\" data-element_type=\"widget\" data-e-type=\"widget\" data-widget_type=\"text-editor.default\">\n\t\t\t\t<div class=\"elementor-widget-container\">\n\t\t\t\t\t\t\t\t\t<p style=\"text-align: center;\"><em><span style=\"color: #ff0000;\"><strong>Par mail<\/strong><\/span><\/em>\u00a0<br \/>billardaubenas@gmail.com<\/p><p style=\"text-align: center;\"><span style=\"color: #ff0000;\"><em><strong>Par t\u00e9l\u00e9phone<\/strong><\/em><br \/><\/span>Le Club 04 75 35 22 61<br \/>Le secr\u00e9taire 06 73 32 12 43<\/p>\t\t\t\t\t\t\t\t<\/div>\n\t\t\t\t<\/div>\n\t\t\t\t<\/div>\n\t\t\t\t\t<\/div>\n\t\t\t\t<\/div>\n\t\t<div class=\"elementor-element elementor-element-5ef19ad e-flex e-con-boxed e-con e-parent\" data-id=\"5ef19ad\" data-element_type=\"container\" data-e-type=\"container\">\n\t\t\t\t\t<div class=\"e-con-inner\">\n\t\t\t\t<div class=\"elementor-element elementor-element-a6dcd77 elementor-widget elementor-widget-heading\" data-id=\"a6dcd77\" data-element_type=\"widget\" data-e-type=\"widget\" data-widget_type=\"heading.default\">\n\t\t\t\t<div class=\"elementor-widget-container\">\n\t\t\t\t\t<h2 class=\"elementor-heading-title elementor-size-medium\"><a href=\"https:\/\/billard-aubenas.fr\/?page_id=459\" target=\"_blank\"><i>Mentions l\u00e9gales<\/i><\/a><\/h2>\t\t\t\t<\/div>\n\t\t\t\t<\/div>\n\t\t\t\t\t<\/div>\n\t\t\t\t<\/div>\n\t\t\t\t<\/div>\n\t\t","protected":false},"excerpt":{"rendered":"<p>Eric Goldbach, Tr\u00e9sorier Paul Privat, Pr\u00e9sident d&rsquo;honneur Pierre Sarian, Secr\u00e9taire Annie Rinaldi, Tr\u00e9sori\u00e8re J\u00e9r\u00f4me Thinon, membre Pascal Fechet, membre Fr\u00e9d\u00e9rik Bondouy, membre Sylvie Rapilly, membre Ezzedine Snoussi, membre Pour nous contacter Par courrier Billard Club d&rsquo;Aubenas15 Chemin du tennis Quartier &hellip;<\/p>\n<p class=\"read-more\"> <a class=\"more-link\" href=\"https:\/\/billard-aubenas.fr\/?page_id=16\"> <span class=\"screen-reader-text\">Le Bureau<\/span> Read More &raquo;<\/a><\/p>\n","protected":false},"author":1,"featured_media":0,"parent":8,"menu_order":0,"comment_status":"closed","ping_status":"closed","template":"","meta":{"footnotes":""},"class_list":["post-16","page","type-page","status-publish","hentry"],"_links":{"self":[{"href":"https:\/\/billard-aubenas.fr\/index.php?rest_route=\/wp\/v2\/pages\/16","targetHints":{"allow":["GET"]}}],"collection":[{"href":"https:\/\/billard-aubenas.fr\/index.php?rest_route=\/wp\/v2\/pages"}],"about":[{"href":"https:\/\/billard-aubenas.fr\/index.php?rest_route=\/wp\/v2\/types\/page"}],"author":[{"embeddable":true,"href":"https:\/\/billard-aubenas.fr\/index.php?rest_route=\/wp\/v2\/users\/1"}],"replies":[{"embeddable":true,"href":"https:\/\/billard-aubenas.fr\/index.php?rest_route=%2Fwp%2Fv2%2Fcomments&post=16"}],"version-history":[{"count":71,"href":"https:\/\/billard-aubenas.fr\/index.php?rest_route=\/wp\/v2\/pages\/16\/revisions"}],"predecessor-version":[{"id":1029,"href":"https:\/\/billard-aubenas.fr\/index.php?rest_route=\/wp\/v2\/pages\/16\/revisions\/1029"}],"up":[{"embeddable":true,"href":"https:\/\/billard-aubenas.fr\/index.php?rest_route=\/wp\/v2\/pages\/8"}],"wp:attachment":[{"href":"https:\/\/billard-aubenas.fr\/index.php?rest_route=%2Fwp%2Fv2%2Fmedia&parent=16"}],"curies":[{"name":"wp","href":"https:\/\/api.w.org\/{rel}","templated":true}]}}