{"id":140,"date":"2024-09-07T19:17:27","date_gmt":"2024-09-07T17:17:27","guid":{"rendered":"https:\/\/billard-aubenas.fr\/new\/?page_id=140"},"modified":"2025-01-15T13:59:20","modified_gmt":"2025-01-15T12:59:20","slug":"inscription","status":"publish","type":"page","link":"https:\/\/billard-aubenas.fr\/?page_id=140","title":{"rendered":"Inscription"},"content":{"rendered":"\t\t<div data-elementor-type=\"wp-page\" data-elementor-id=\"140\" class=\"elementor elementor-140\">\n\t\t\t\t<div class=\"elementor-element elementor-element-5afd69e e-flex e-con-boxed e-con e-parent\" data-id=\"5afd69e\" data-element_type=\"container\" data-e-type=\"container\">\n\t\t\t\t\t<div class=\"e-con-inner\">\n\t\t\t\t\t<\/div>\n\t\t\t\t<\/div>\n\t\t<div class=\"elementor-element elementor-element-c9b7f17 e-con-full e-flex e-con e-parent\" data-id=\"c9b7f17\" data-element_type=\"container\" data-e-type=\"container\">\n\t\t\t\t<div class=\"elementor-element elementor-element-cec2885 elementor-widget elementor-widget-text-editor\" data-id=\"cec2885\" data-element_type=\"widget\" data-e-type=\"widget\" data-widget_type=\"text-editor.default\">\n\t\t\t\t<div class=\"elementor-widget-container\">\n\t\t\t\t\t\t\t\t\t<ul><li><strong style=\"font-size: 23px; text-align: var(--text-align);\"><span style=\"color: #ff0000; font-size: large;\"><em><span style=\"color: #000000;\">L&rsquo;inscription vous permet, \u00e0 partir de 10,00 \u20ac \/ mois,<\/span> <\/em><span style=\"color: #000000; font-size: small;\">avec engagement sur 10<\/span><\/span><\/strong><strong><span style=\"color: #ff0000; font-size: large;\"><span style=\"color: #000000; font-size: small;\">mois\u00a0<\/span><\/span><\/strong><\/li><li><strong style=\"font-size: 14px; color: var( --e-global-color-text ); text-align: var(--text-align);\"><span style=\"color: #ff0000; font-size: large;\"><span style=\"color: #000000; font-size: small;\">un acc\u00e8s \u00e0 la salle permanent<\/span><\/span><\/strong><\/li><li><strong><span style=\"color: #ff0000; font-size: large;\"><span style=\"color: #000000; font-size: small;\">\u00a0le pr\u00eat de mat\u00e9riel<\/span><\/span><\/strong><\/li><li><strong><span style=\"color: #ff0000; font-size: large;\"><span style=\"color: #000000; font-size: small;\">\u00a0les cours<\/span><\/span><\/strong><\/li><li><strong><span style=\"color: #ff0000; font-size: large;\"><span style=\"color: #000000; font-size: small;\">\u00a0les comp\u00e9titions<\/span><\/span><\/strong><\/li><\/ul><p style=\"padding-left: 40px;\"><span style=\"color: #000000; font-size: small;\"><b style=\"color: #000000; font-size: small;\">Pour vous inscrire, il faut <\/b><b>t\u00e9l\u00e9charger<\/b><b style=\"color: #000000; font-size: small;\"> les documents suivants\u00a0 et nous les retourner remplis et sign\u00e9s.<\/b><\/span><\/p><ul><li style=\"list-style-type: none;\"><ul><li style=\"list-style-type: none;\"><ul><li style=\"list-style-type: none;\"><ul><li><a href=\"https:\/\/billard-aubenas.fr\/wp-content\/uploads\/2024\/10\/fiche-inscription-2024-2025.pdf\" target=\"_blank\" rel=\"noopener\"><strong><span style=\"text-decoration: underline; color: #0000ff;\">Une fiche d&rsquo;inscription<\/span><\/strong><\/a><\/li><li><strong><span style=\"text-decoration: underline; color: #0000ff;\"><a style=\"color: #0000ff; text-decoration: underline;\" href=\"https:\/\/billard-aubenas.fr\/wp-content\/uploads\/2023\/11\/fiche-information-et-rgrd.pdf\" target=\"_blank\" rel=\"noopener\">Une fiche d&rsquo;information<\/a><\/span><\/strong><\/li><li><strong><span style=\"text-decoration: underline; color: #0000ff;\"><a style=\"color: #0000ff; text-decoration: underline;\" href=\"https:\/\/billard-aubenas.fr\/wp-content\/uploads\/2024\/10\/questionnaire-medical.pdf\" target=\"_blank\" rel=\"noopener\">Un questionnaire de sant\u00e9\u00a0<\/a><\/span><\/strong><\/li><li><a href=\"https:\/\/billard-aubenas.fr\/wp-content\/uploads\/2023\/10\/ABAU-RI-2023-v2.pdf\" target=\"_blank\" rel=\"noopener\"><strong><span style=\"text-decoration: underline; color: #0000ff;\">Le r\u00e8glement int\u00e9rieur<\/span><\/strong><\/a><\/li><\/ul><\/li><\/ul><\/li><\/ul><\/li><\/ul><p style=\"text-align: center;\">\u00a0<\/p>\t\t\t\t\t\t\t\t<\/div>\n\t\t\t\t<\/div>\n\t\t\t\t<\/div>\n\t\t<div class=\"elementor-element elementor-element-a9b14f4 e-flex e-con-boxed e-con e-parent\" data-id=\"a9b14f4\" data-element_type=\"container\" data-e-type=\"container\">\n\t\t\t\t\t<div class=\"e-con-inner\">\n\t\t\t\t<div class=\"elementor-element elementor-element-acc0102 elementor-widget elementor-widget-image\" data-id=\"acc0102\" data-element_type=\"widget\" data-e-type=\"widget\" data-widget_type=\"image.default\">\n\t\t\t\t<div class=\"elementor-widget-container\">\n\t\t\t\t\t\t\t\t\t\t\t\t\t\t\t<img fetchpriority=\"high\" decoding=\"async\" width=\"752\" height=\"448\" src=\"https:\/\/billard-aubenas.fr\/wp-content\/uploads\/2024\/10\/tarif-2024-2025.webp\" class=\"attachment-large size-large wp-image-912\" alt=\"\" srcset=\"https:\/\/billard-aubenas.fr\/wp-content\/uploads\/2024\/10\/tarif-2024-2025.webp 973w, https:\/\/billard-aubenas.fr\/wp-content\/uploads\/2024\/10\/tarif-2024-2025-300x179.webp 300w\" sizes=\"(max-width: 752px) 100vw, 752px\" \/>\t\t\t\t\t\t\t\t\t\t\t\t\t\t\t<\/div>\n\t\t\t\t<\/div>\n\t\t\t\t\t<\/div>\n\t\t\t\t<\/div>\n\t\t<div class=\"elementor-element elementor-element-45ca231 e-con-full e-flex e-con e-parent\" data-id=\"45ca231\" data-element_type=\"container\" data-e-type=\"container\">\n\t\t<div class=\"elementor-element elementor-element-06ce80a e-con-full e-flex e-con e-child\" data-id=\"06ce80a\" data-element_type=\"container\" data-e-type=\"container\">\n\t\t\t\t<div class=\"elementor-element elementor-element-3fde299 elementor-widget elementor-widget-text-editor\" data-id=\"3fde299\" data-element_type=\"widget\" data-e-type=\"widget\" data-widget_type=\"text-editor.default\">\n\t\t\t\t<div class=\"elementor-widget-container\">\n\t\t\t\t\t\t\t\t\t<p><em><span style=\"color: #ff0000;\"><strong>Inscription en ligne<br \/>Cliquez sur le bouton ci-contre ou scannez le QR code avec votre t\u00e9l\u00e9phone.<\/strong><\/span><\/em><\/p>\t\t\t\t\t\t\t\t<\/div>\n\t\t\t\t<\/div>\n\t\t\t\t<div class=\"elementor-element elementor-element-22dfa7c elementor-align-right elementor-widget__width-initial elementor-button-info elementor-widget elementor-widget-button\" data-id=\"22dfa7c\" data-element_type=\"widget\" data-e-type=\"widget\" data-widget_type=\"button.default\">\n\t\t\t\t<div class=\"elementor-widget-container\">\n\t\t\t\t\t\t\t\t\t<div class=\"elementor-button-wrapper\">\n\t\t\t\t\t<a class=\"elementor-button elementor-button-link elementor-size-md\" href=\"https:\/\/backoffice.kananas.com\/action_manager.php?event=hire&#038;id=4272&#038;s=1\" target=\"_blank\" id=\"btn_inscription\">\n\t\t\t\t\t\t<span class=\"elementor-button-content-wrapper\">\n\t\t\t\t\t\t\t\t\t<span class=\"elementor-button-text\">Inscription<\/span>\n\t\t\t\t\t<\/span>\n\t\t\t\t\t<\/a>\n\t\t\t\t<\/div>\n\t\t\t\t\t\t\t\t<\/div>\n\t\t\t\t<\/div>\n\t\t\t\t<\/div>\n\t\t\t\t<div class=\"elementor-element elementor-element-acd0517 elementor-widget__width-initial elementor-widget elementor-widget-image\" data-id=\"acd0517\" data-element_type=\"widget\" data-e-type=\"widget\" data-widget_type=\"image.default\">\n\t\t\t\t<div class=\"elementor-widget-container\">\n\t\t\t\t\t\t\t\t\t\t\t\t\t\t\t<img decoding=\"async\" width=\"225\" height=\"225\" src=\"https:\/\/billard-aubenas.fr\/wp-content\/uploads\/2024\/09\/qr-code-eadhesion-en-ligne.png\" class=\"attachment-large size-large wp-image-805\" alt=\"\" srcset=\"https:\/\/billard-aubenas.fr\/wp-content\/uploads\/2024\/09\/qr-code-eadhesion-en-ligne.png 225w, https:\/\/billard-aubenas.fr\/wp-content\/uploads\/2024\/09\/qr-code-eadhesion-en-ligne-150x150.png 150w, https:\/\/billard-aubenas.fr\/wp-content\/uploads\/2024\/09\/qr-code-eadhesion-en-ligne-55x55.png 55w\" sizes=\"(max-width: 225px) 100vw, 225px\" \/>\t\t\t\t\t\t\t\t\t\t\t\t\t\t\t<\/div>\n\t\t\t\t<\/div>\n\t\t\t\t<\/div>\n\t\t\t\t<\/div>\n\t\t","protected":false},"excerpt":{"rendered":"<p>L&rsquo;inscription vous permet, \u00e0 partir de 10,00 \u20ac \/ mois, avec engagement sur 10mois\u00a0 un acc\u00e8s \u00e0 la salle permanent \u00a0le pr\u00eat de mat\u00e9riel \u00a0les cours \u00a0les comp\u00e9titions Pour vous inscrire, il faut t\u00e9l\u00e9charger les documents suivants\u00a0 et nous les &hellip;<\/p>\n<p class=\"read-more\"> <a class=\"more-link\" href=\"https:\/\/billard-aubenas.fr\/?page_id=140\"> <span class=\"screen-reader-text\">Inscription<\/span> Read More &raquo;<\/a><\/p>\n","protected":false},"author":1,"featured_media":0,"parent":8,"menu_order":0,"comment_status":"closed","ping_status":"closed","template":"","meta":{"footnotes":""},"class_list":["post-140","page","type-page","status-publish","hentry"],"_links":{"self":[{"href":"https:\/\/billard-aubenas.fr\/index.php?rest_route=\/wp\/v2\/pages\/140","targetHints":{"allow":["GET"]}}],"collection":[{"href":"https:\/\/billard-aubenas.fr\/index.php?rest_route=\/wp\/v2\/pages"}],"about":[{"href":"https:\/\/billard-aubenas.fr\/index.php?rest_route=\/wp\/v2\/types\/page"}],"author":[{"embeddable":true,"href":"https:\/\/billard-aubenas.fr\/index.php?rest_route=\/wp\/v2\/users\/1"}],"replies":[{"embeddable":true,"href":"https:\/\/billard-aubenas.fr\/index.php?rest_route=%2Fwp%2Fv2%2Fcomments&post=140"}],"version-history":[{"count":134,"href":"https:\/\/billard-aubenas.fr\/index.php?rest_route=\/wp\/v2\/pages\/140\/revisions"}],"predecessor-version":[{"id":1131,"href":"https:\/\/billard-aubenas.fr\/index.php?rest_route=\/wp\/v2\/pages\/140\/revisions\/1131"}],"up":[{"embeddable":true,"href":"https:\/\/billard-aubenas.fr\/index.php?rest_route=\/wp\/v2\/pages\/8"}],"wp:attachment":[{"href":"https:\/\/billard-aubenas.fr\/index.php?rest_route=%2Fwp%2Fv2%2Fmedia&parent=140"}],"curies":[{"name":"wp","href":"https:\/\/api.w.org\/{rel}","templated":true}]}}